{"id":9,"date":"2021-03-08T11:18:28","date_gmt":"2021-03-08T10:18:28","guid":{"rendered":"https:\/\/www.lemuriakristalle.de\/?page_id=9"},"modified":"2024-08-06T06:59:59","modified_gmt":"2024-08-06T04:59:59","slug":"startseite","status":"publish","type":"page","link":"https:\/\/www.lemuriakristalle.de\/","title":{"rendered":"Startseite"},"content":{"rendered":"<p>[et_pb_section fb_built=&#8220;1&#8243; fullwidth=&#8220;on&#8220; admin_label=&#8220;Header Section&#8220; _builder_version=&#8220;4.16&#8243; background_image=&#8220;https:\/\/www.lemuriakristalle.de\/wp-content\/uploads\/2021\/03\/Erde-Lemuria-ohne-Schrift-scaled.jpg&#8220; parallax=&#8220;on&#8220; parallax_method=&#8220;off&#8220; top_divider_color=&#8220;rgba(224,153,0,0.68)&#8220; top_divider_height=&#8220;28%&#8220; global_colors_info=&#8220;{}&#8220;][et_pb_fullwidth_header title=&#8220;Tauche ein in die Welt von Lemuria und Kamasha&#8220; subhead=&#8220;Die 3 lemurianischen Kristalle&#8220; text_orientation=&#8220;center&#8220; _builder_version=&#8220;4.16&#8243; title_level=&#8220;h2&#8243; title_font=&#8220;Rubik|700||on|||||&#8220; title_text_color=&#8220;#eac90e&#8220; title_font_size=&#8220;16px&#8220; title_letter_spacing=&#8220;5px&#8220; title_line_height=&#8220;2em&#8220; content_font=&#8220;Rubik||||||||&#8220; content_font_size=&#8220;18px&#8220; content_line_height=&#8220;2em&#8220; subhead_font=&#8220;Rubik|700|||||||&#8220; subhead_text_color=&#8220;#90eff9&#8243; subhead_font_size=&#8220;50px&#8220; subhead_line_height=&#8220;1.4em&#8220; background_enable_color=&#8220;off&#8220; background_enable_image=&#8220;off&#8220; background_size=&#8220;contain&#8220; background_position=&#8220;bottom_center&#8220; custom_button_one=&#8220;on&#8220; button_one_text_size=&#8220;16px&#8220; button_one_text_color=&#8220;#ffffff&#8220; button_one_bg_color=&#8220;#ff7355&#8243; button_one_border_width=&#8220;15px&#8220; button_one_border_color=&#8220;rgba(210,159,104,0)&#8220; button_one_border_radius=&#8220;100px&#8220; button_one_letter_spacing=&#8220;0px&#8220; button_one_font=&#8220;Rubik|700|||||||&#8220; button_one_use_icon=&#8220;off&#8220; custom_button_two=&#8220;on&#8220; button_two_text_size=&#8220;16px&#8220; button_two_text_color=&#8220;#ffffff&#8220; button_two_bg_color=&#8220;rgba(0,0,0,0.6)&#8220; button_two_border_width=&#8220;15px&#8220; button_two_border_color=&#8220;rgba(210,159,104,0)&#8220; button_two_border_radius=&#8220;100px&#8220; button_two_letter_spacing=&#8220;0px&#8220; button_two_font=&#8220;Rubik|700|||||||&#8220; button_two_use_icon=&#8220;off&#8220; min_height=&#8220;390.2px&#8220; custom_margin=&#8220;|||&#8220; custom_padding=&#8220;5vw||10vw|||&#8220; animation_style=&#8220;slide&#8220; animation_direction=&#8220;bottom&#8220; animation_intensity_slide=&#8220;1%&#8220; content_font_size_tablet=&#8220;&#8220; content_font_size_phone=&#8220;16px&#8220; content_font_size_last_edited=&#8220;on|phone&#8220; subhead_font_size_tablet=&#8220;&#8220; subhead_font_size_phone=&#8220;30px&#8220; subhead_font_size_last_edited=&#8220;on|phone&#8220; box_shadow_style=&#8220;preset6&#8243; box_shadow_vertical=&#8220;-10px&#8220; box_shadow_color=&#8220;rgba(0,0,0,0.2)&#8220; button_one_border_radius_hover=&#8220;100px&#8220; button_two_border_radius_hover=&#8220;100px&#8220; button_one_bg_color_hover=&#8220;#ff8a70&#8243; button_two_bg_color_hover=&#8220;#ff8a70&#8243; global_colors_info=&#8220;{}&#8220; button_one_text_size__hover_enabled=&#8220;off&#8220; button_two_text_size__hover_enabled=&#8220;off&#8220; button_one_text_color__hover_enabled=&#8220;off&#8220; button_two_text_color__hover_enabled=&#8220;off&#8220; button_one_border_width__hover_enabled=&#8220;off&#8220; button_two_border_width__hover_enabled=&#8220;off&#8220; button_one_border_color__hover_enabled=&#8220;off&#8220; button_two_border_color__hover_enabled=&#8220;off&#8220; button_one_border_radius__hover_enabled=&#8220;on&#8220; button_one_border_radius__hover=&#8220;100px&#8220; button_two_border_radius__hover_enabled=&#8220;on&#8220; button_two_border_radius__hover=&#8220;100px&#8220; button_one_letter_spacing__hover_enabled=&#8220;off&#8220; button_two_letter_spacing__hover_enabled=&#8220;off&#8220; button_one_bg_color__hover_enabled=&#8220;on&#8220; button_one_bg_color__hover=&#8220;#ff8a70&#8243; button_two_bg_color__hover_enabled=&#8220;on&#8220; button_two_bg_color__hover=&#8220;#ff8a70&#8243;]<\/p>\n<p class=\"ST\">In dem Grundkurs &#8220; Die Einweihung in deine drei lemurianischen Kristalle &#8220; wirst du eingeweiht und erh\u00e4ltst ein umfassendes neues Wissen \u00fcber Lemuria und seine so wichtigen drei Kristalle. Sie werden in dir verankert und f\u00fchren dich, wie auf dem versunkenen Kontinent, in die eigene Harmonie. Das verschafft Frieden und Leichtigkeit mit dir selbst, deinen Lieben, den Tieren und Pflanzen um dich herum.<\/p>\n<p>[\/et_pb_fullwidth_header][\/et_pb_section][et_pb_section fb_built=&#8220;1&#8243; custom_padding_last_edited=&#8220;off|desktop&#8220; background_color_gradient_stops_1=&#8220;#2b87da 0%|#c7cbd4 100%&#8220; background_color_gradient_end_1=&#8220;#c7cbd4&#8243; admin_label=&#8220;Two CTA Section&#8220; _builder_version=&#8220;4.16&#8243; custom_margin=&#8220;-25px|||||&#8220; custom_padding=&#8220;0px||0px||true&#8220; custom_padding_tablet=&#8220;20px||10px|&#8220; global_colors_info=&#8220;{}&#8220;][et_pb_row column_structure=&#8220;1_2,1_2&#8243; use_custom_gutter=&#8220;on&#8220; gutter_width=&#8220;1&#8243; make_equal=&#8220;on&#8220; padding_top_bottom_link_1=&#8220;true&#8220; padding_top_bottom_link_2=&#8220;true&#8220; admin_label=&#8220;Two CTA Row&#8220; module_class=&#8220; et_pb_row_fullwidth&#8220; _builder_version=&#8220;4.16&#8243; background_enable_color=&#8220;off&#8220; width=&#8220;100%&#8220; width_tablet=&#8220;100%&#8220; width_phone=&#8220;&#8220; width_last_edited=&#8220;on|desktop&#8220; max_width=&#8220;100%&#8220; max_width_tablet=&#8220;100%&#8220; max_width_phone=&#8220;&#8220; max_width_last_edited=&#8220;on|desktop&#8220; custom_margin=&#8220;-3px|auto||auto||&#8220; custom_padding=&#8220;0px|0px|0px|0px&#8220; make_fullwidth=&#8220;on&#8220; global_colors_info=&#8220;{}&#8220;][et_pb_column type=&#8220;1_2&#8243; admin_label=&#8220;Spalte&#8220; _builder_version=&#8220;4.16&#8243; use_background_color_gradient=&#8220;on&#8220; background_color_gradient_direction=&#8220;90deg&#8220; background_color_gradient_stops=&#8220;rgba(227,232,242,0.72) 0%|#e3e8f2 60%&#8220; background_color_gradient_overlays_image=&#8220;on&#8220; background_color_gradient_start=&#8220;rgba(227,232,242,0.72)&#8220; background_color_gradient_end=&#8220;#e3e8f2&#8243; background_color_gradient_end_position=&#8220;60%&#8220; background_image=&#8220;https:\/\/www.lemuriakristalle.de\/wp-content\/uploads\/2021\/03\/304-Lemuria.png&#8220; custom_padding=&#8220;120px|80px|120px|10%&#8220; custom_padding_tablet=&#8220;|10%||10%||true&#8220; custom_padding_phone=&#8220;&#8220; custom_padding_last_edited=&#8220;on|tablet&#8220; global_colors_info=&#8220;{}&#8220; padding_tablet=&#8220;|10%||10%||true&#8220; padding_last_edited=&#8220;on|tablet&#8220; custom_padding__hover=&#8220;|||&#8220; padding_phone=&#8220;|10%||10%||true&#8220;][et_pb_cta title=&#8220;Die Verbindung zu Lemuria&#8220; button_url=&#8220;#top&#8220; admin_label=&#8220;School CTA&#8220; _builder_version=&#8220;4.16&#8243; header_font=&#8220;Cabin Sketch|700||on|||||&#8220; header_text_color=&#8220;#014f93&#8243; header_font_size=&#8220;33px&#8220; header_letter_spacing=&#8220;6px&#8220; header_line_height=&#8220;1.5em&#8220; body_font=&#8220;Rubik|500|||||||&#8220; body_line_height=&#8220;2em&#8220; use_background_color=&#8220;off&#8220; custom_button=&#8220;on&#8220; button_text_size=&#8220;16px&#8220; button_text_color=&#8220;#ffffff&#8220; button_bg_color=&#8220;rgba(0,0,0,0.6)&#8220; button_border_width=&#8220;10px&#8220; button_border_color=&#8220;rgba(65,65,144,0)&#8220; button_border_radius=&#8220;70px&#8220; button_font=&#8220;Rubik|700|||||||&#8220; button_use_icon=&#8220;off&#8220; text_orientation=&#8220;left&#8220; background_layout=&#8220;light&#8220; max_width=&#8220;600px&#8220; max_width_last_edited=&#8220;off|desktop&#8220; custom_margin=&#8220;|||&#8220; custom_padding=&#8220;|||&#8220; header_font_size_tablet=&#8220;&#8220; header_font_size_phone=&#8220;30px&#8220; header_font_size_last_edited=&#8220;on|phone&#8220; button_text_color_hover=&#8220;#c7ccd4&#8243; button_border_radius_hover=&#8220;70px&#8220; button_bg_color_hover=&#8220;#ffffff&#8220; global_colors_info=&#8220;{}&#8220; button_text_size__hover_enabled=&#8220;off&#8220; button_one_text_size__hover_enabled=&#8220;off&#8220; button_two_text_size__hover_enabled=&#8220;off&#8220; button_text_color__hover_enabled=&#8220;on&#8220; button_text_color__hover=&#8220;#c7ccd4&#8243; button_one_text_color__hover_enabled=&#8220;off&#8220; button_two_text_color__hover_enabled=&#8220;off&#8220; button_border_width__hover_enabled=&#8220;off&#8220; button_one_border_width__hover_enabled=&#8220;off&#8220; button_two_border_width__hover_enabled=&#8220;off&#8220; button_border_color__hover_enabled=&#8220;off&#8220; button_one_border_color__hover_enabled=&#8220;off&#8220; button_two_border_color__hover_enabled=&#8220;off&#8220; button_border_radius__hover_enabled=&#8220;on&#8220; button_border_radius__hover=&#8220;70px&#8220; button_one_border_radius__hover_enabled=&#8220;off&#8220; button_two_border_radius__hover_enabled=&#8220;off&#8220; button_letter_spacing__hover_enabled=&#8220;off&#8220; button_one_letter_spacing__hover_enabled=&#8220;off&#8220; button_two_letter_spacing__hover_enabled=&#8220;off&#8220; button_bg_color__hover_enabled=&#8220;on&#8220; button_bg_color__hover=&#8220;#ffffff&#8220; button_one_bg_color__hover_enabled=&#8220;off&#8220; button_two_bg_color__hover_enabled=&#8220;off&#8220;]<\/p>\n<p><span style=\"color: #333399;\">Erfahre durch Kamasha den Kontakt mit den Meistern aus dem \u201eLemurianischen Rat\u201c und feiere deine 3 lemurianischen Kristalle.<\/span><\/p>\n<p><span style=\"color: #333399;\">Natara ein spiritueller Lehrer der neuen Zeit wird durch ein Live-Walk-in deine lemurianischen Kristalle wieder aktivieren und durch dich strahlen lassen.<\/span><\/p>\n<p><span style=\"color: #333399;\">In diesem Seminar wirst du mit 3 lemurianischen Kristallen verbunden, die bereits schon einmal auf diesem Planeten verankert waren in dem Volk von Lemuria. Mit dieser Kraft tr\u00e4gst du das Erbe Lemurias wieder in dir und in deinen Zellen auf der DNA:<\/span><\/p>\n<ul>\n<li><span style=\"color: #333399;\">die Verankerung des blauen lemurianischen Kristalls in den Handchakren<\/span><\/li>\n<li><span style=\"color: #333399;\">die Verankerung des roten lemurianischen Kristalls in das 3. Auge<\/span><\/li>\n<li><span style=\"color: #333399;\">die Verankerung des schwarzen lemurianischen Kristalls in den Fu\u00dfchakre<\/span><\/li>\n<\/ul>\n<p><span style=\"color: #333399;\">Mit etwas Gl\u00fcck kannst du kostenlos dabei sein.<\/span><\/p>\n<p>[\/et_pb_cta][\/et_pb_column][et_pb_column type=&#8220;1_2&#8243; _builder_version=&#8220;4.16&#8243; background_color_gradient_direction=&#8220;90deg&#8220; background_image=&#8220;https:\/\/www.lemuriakristalle.de\/wp-content\/uploads\/2021\/03\/Erde-Lemuria-ohne-Schrift-scaled.jpg&#8220; parallax=&#8220;on&#8220; parallax_method=&#8220;off&#8220; custom_padding=&#8220;120px|10%|120px|80px&#8220; custom_padding_tablet=&#8220;|10%||10%||true&#8220; custom_padding_phone=&#8220;&#8220; custom_padding_last_edited=&#8220;on|tablet&#8220; global_colors_info=&#8220;{}&#8220; padding_tablet=&#8220;|10%||10%||true&#8220; padding_last_edited=&#8220;on|tablet&#8220; custom_padding__hover=&#8220;|||&#8220; padding_phone=&#8220;|10%||10%||true&#8220;][\/et_pb_column][\/et_pb_row][\/et_pb_section][et_pb_section fb_built=&#8220;1&#8243; custom_padding_last_edited=&#8220;on|tablet&#8220; admin_label=&#8220;3 Buttons&#8220; _builder_version=&#8220;4.16&#8243; background_enable_color=&#8220;off&#8220; custom_padding=&#8220;0|50%|0||false|false&#8220; custom_padding_tablet=&#8220;|10%||10%&#8220; custom_padding_phone=&#8220;&#8220; locked=&#8220;off&#8220; global_colors_info=&#8220;{}&#8220;][\/et_pb_section][et_pb_section fb_built=&#8220;1&#8243; background_color_gradient_stops_1=&#8220;#2b87da 0%|#c7cbd4 100%&#8220; background_color_gradient_end_1=&#8220;#c7cbd4&#8243; admin_label=&#8220;Principle Quote&#8220; _builder_version=&#8220;4.16&#8243; custom_padding=&#8220;0|0px|0|0px|false|false&#8220; locked=&#8220;off&#8220; global_colors_info=&#8220;{}&#8220;][et_pb_row column_structure=&#8220;1_2,1_2&#8243; use_custom_gutter=&#8220;on&#8220; gutter_width=&#8220;1&#8243; make_equal=&#8220;on&#8220; padding_top_bottom_link_1=&#8220;true&#8220; padding_top_bottom_link_2=&#8220;true&#8220; admin_label=&#8220;Two CTA Row&#8220; module_class=&#8220; et_pb_row_fullwidth&#8220; _builder_version=&#8220;4.16&#8243; width=&#8220;100%&#8220; width_tablet=&#8220;100%&#8220; width_phone=&#8220;&#8220; width_last_edited=&#8220;on|desktop&#8220; max_width=&#8220;100%&#8220; max_width_tablet=&#8220;100%&#8220; max_width_phone=&#8220;&#8220; max_width_last_edited=&#8220;on|desktop&#8220; custom_padding=&#8220;0px|0px|0px|0px&#8220; make_fullwidth=&#8220;on&#8220; global_colors_info=&#8220;{}&#8220;][et_pb_column type=&#8220;1_2&#8243; _builder_version=&#8220;4.16&#8243; use_background_color_gradient=&#8220;on&#8220; background_color_gradient_direction=&#8220;90deg&#8220; background_color_gradient_stops=&#8220;rgba(58,80,99,0.85) 0%|#3a5063 100%&#8220; background_color_gradient_overlays_image=&#8220;on&#8220; background_color_gradient_start=&#8220;rgba(58,80,99,0.85)&#8220; background_color_gradient_end=&#8220;#3a5063&#8243; background_image=&#8220;https:\/\/www.lemuriakristalle.de\/wp-content\/uploads\/2021\/03\/jess-watters-483666-unsplash.jpg&#8220; custom_padding=&#8220;120px|80px|120px|10%&#8220; custom_padding_tablet=&#8220;|10%||10%||true&#8220; custom_padding_phone=&#8220;&#8220; custom_padding_last_edited=&#8220;on|tablet&#8220; global_colors_info=&#8220;{}&#8220; padding_tablet=&#8220;|10%||10%||true&#8220; padding_last_edited=&#8220;on|tablet&#8220; custom_padding__hover=&#8220;|||&#8220; padding_phone=&#8220;|10%||10%||true&#8220;][et_pb_text admin_label=&#8220;Title&#8220; _builder_version=&#8220;4.16&#8243; text_font=&#8220;Rubik|500|||||||&#8220; text_line_height=&#8220;2em&#8220; quote_font=&#8220;||||||||&#8220; header_font=&#8220;||||||||&#8220; header_2_font=&#8220;Rubik|700|||||||&#8220; header_2_font_size=&#8220;40px&#8220; header_2_line_height=&#8220;1.4em&#8220; header_5_font=&#8220;Rubik|700||on|||||&#8220; header_5_letter_spacing=&#8220;5px&#8220; header_5_line_height=&#8220;1.2em&#8220; background_layout=&#8220;dark&#8220; max_width=&#8220;600px&#8220; max_width_tablet=&#8220;&#8220; max_width_phone=&#8220;&#8220; max_width_last_edited=&#8220;on|phone&#8220; custom_margin=&#8220;|||&#8220; custom_margin_tablet=&#8220;|70px||70px&#8220; custom_margin_phone=&#8220;|50px||50px&#8220; custom_margin_last_edited=&#8220;off|desktop&#8220; custom_padding=&#8220;|||40px&#8220; text_line_height_last_edited=&#8220;off|desktop&#8220; header_2_font_size_tablet=&#8220;&#8220; header_2_font_size_phone=&#8220;30px&#8220; header_2_font_size_last_edited=&#8220;on|phone&#8220; border_color_all=&#8220;#ff9c02&#8243; border_width_left=&#8220;8px&#8220; locked=&#8220;off&#8220; inline_fonts=&#8220;Sacramento&#8220; global_colors_info=&#8220;{}&#8220;]<\/p>\n<h5>Ein paar<\/h5>\n<h2>Worte f\u00fcr dich<\/h2>\n<p>&#8222;<span style=\"font-family: 'Arial',sans-serif;\">Das Weltfriedensprojekt `Eine Erde eine Vision` \u2026 im Herzen von Kamasha, wurde gegr\u00fcndet von Natara\u00ae, um Licht und Liebe zu bringen, ein neues Bewusstsein zu kreieren und ein friedvolles Miteinander f\u00fcr ein Leben in Freiheit und Leichtigkeit auf der Erde zu manifestieren.<\/span><\/p>\n<p><span style=\"font-family: 'Arial',sans-serif;\">Du m\u00f6chtest was bewegen, versp\u00fcrst Mut zur Ver\u00e4nderung oder bist ehrlich interessiert an der menschlichen Entwicklung? <\/span><\/p>\n<p><span style=\"font-family: 'Arial',sans-serif;\">Wenn du mehr erfahren magst \u00fcber das Wunder deines Daseins, Gesundheit von K\u00f6rper &#8211; Seele &#8211; Geist, neugierige neue Schritte wagen willst auf dem Weg zu dir selbst, bist du herzlich eingeladen mit dabei zu sein.<\/span><\/p>\n<p><span style=\"font-family: 'Arial',sans-serif;\">Seminare und Ausbildungen bei Natara sind eine au\u00dfergew\u00f6hnliche Gelegenheit f\u00fcr tiefe Wandlungen&#8220;<\/span><\/p>\n<p><img data-recalc-dims=\"1\" loading=\"lazy\" decoding=\"async\" src=\"https:\/\/i0.wp.com\/www.lemuriakristalle.de\/wp-content\/uploads\/2021\/03\/unterschrift_natara-gross-weiss.png?resize=321%2C136&#038;ssl=1\" alt=\"\" class=\"wp-image-166 aligncenter size-large\" style=\"float: right;\" width=\"321\" height=\"136\" \/><\/p>\n<h5><\/h5>\n<p>[\/et_pb_text][et_pb_text _builder_version=&#8220;4.16&#8243; text_font=&#8220;Sacramento||||||||&#8220; text_font_size=&#8220;32px&#8220; text_line_height=&#8220;2em&#8220; text_orientation=&#8220;right&#8220; background_layout=&#8220;dark&#8220; global_colors_info=&#8220;{}&#8220;][\/et_pb_text][\/et_pb_column][et_pb_column type=&#8220;1_2&#8243; _builder_version=&#8220;4.16&#8243; background_color_gradient_direction=&#8220;90deg&#8220; background_image=&#8220;https:\/\/www.lemuriakristalle.de\/wp-content\/uploads\/2021\/03\/image002.jpg&#8220; custom_padding=&#8220;120px|10%|120px|80px&#8220; custom_padding_tablet=&#8220;|10%||10%||true&#8220; custom_padding_phone=&#8220;&#8220; custom_padding_last_edited=&#8220;on|tablet&#8220; global_colors_info=&#8220;{}&#8220; padding_tablet=&#8220;|10%||10%||true&#8220; padding_last_edited=&#8220;on|tablet&#8220; custom_padding__hover=&#8220;|||&#8220; padding_phone=&#8220;|10%||10%||true&#8220;][et_pb_divider color=&#8220;rgba(0,0,0,0)&#8220; _builder_version=&#8220;4.16&#8243; height=&#8220;340px&#8220; locked=&#8220;off&#8220; global_colors_info=&#8220;{}&#8220;][\/et_pb_divider][\/et_pb_column][\/et_pb_row][\/et_pb_section]<\/p>\n","protected":false},"excerpt":{"rendered":"<p>Mehr \u00fcber die wunderbaren Lemuria Kristalle findest Du hier.<\/p>\n","protected":false},"author":1,"featured_media":46,"parent":0,"menu_order":0,"comment_status":"closed","ping_status":"closed","template":"","meta":{"_et_pb_use_builder":"on","_et_pb_old_content":"","_et_gb_content_width":"","footnotes":""},"class_list":["post-9","page","type-page","status-publish","has-post-thumbnail","hentry"],"jetpack-related-posts":[],"jetpack_sharing_enabled":true,"_links":{"self":[{"href":"https:\/\/www.lemuriakristalle.de\/index.php?rest_route=\/wp\/v2\/pages\/9","targetHints":{"allow":["GET"]}}],"collection":[{"href":"https:\/\/www.lemuriakristalle.de\/index.php?rest_route=\/wp\/v2\/pages"}],"about":[{"href":"https:\/\/www.lemuriakristalle.de\/index.php?rest_route=\/wp\/v2\/types\/page"}],"author":[{"embeddable":true,"href":"https:\/\/www.lemuriakristalle.de\/index.php?rest_route=\/wp\/v2\/users\/1"}],"replies":[{"embeddable":true,"href":"https:\/\/www.lemuriakristalle.de\/index.php?rest_route=%2Fwp%2Fv2%2Fcomments&post=9"}],"version-history":[{"count":80,"href":"https:\/\/www.lemuriakristalle.de\/index.php?rest_route=\/wp\/v2\/pages\/9\/revisions"}],"predecessor-version":[{"id":335,"href":"https:\/\/www.lemuriakristalle.de\/index.php?rest_route=\/wp\/v2\/pages\/9\/revisions\/335"}],"wp:featuredmedia":[{"embeddable":true,"href":"https:\/\/www.lemuriakristalle.de\/index.php?rest_route=\/wp\/v2\/media\/46"}],"wp:attachment":[{"href":"https:\/\/www.lemuriakristalle.de\/index.php?rest_route=%2Fwp%2Fv2%2Fmedia&parent=9"}],"curies":[{"name":"wp","href":"https:\/\/api.w.org\/{rel}","templated":true}]}}